{"id":9,"date":"2025-12-27T19:25:22","date_gmt":"2025-12-27T19:25:22","guid":{"rendered":"https:\/\/paulakunning.com\/?page_id=9"},"modified":"2026-02-02T11:54:59","modified_gmt":"2026-02-02T14:54:59","slug":"home","status":"publish","type":"page","link":"https:\/\/paulakunning.com\/en\/","title":{"rendered":"Home"},"content":{"rendered":"<div data-elementor-type=\"wp-page\" data-elementor-id=\"9\" class=\"elementor elementor-9\" data-elementor-post-type=\"page\">\n\t\t\t\t<div class=\"elementor-element elementor-element-561b96f e-con-full e-flex e-con e-parent\" data-id=\"561b96f\" data-element_type=\"container\" data-e-type=\"container\" data-settings=\"{&quot;background_background&quot;:&quot;classic&quot;}\">\n\t\t<div class=\"elementor-element elementor-element-3438817 e-con-full e-flex e-con e-child\" data-id=\"3438817\" data-element_type=\"container\" data-e-type=\"container\">\n\t\t\t\t<div class=\"elementor-element elementor-element-6f36764 elementor-widget__width-initial elementor-widget elementor-widget-heading\" data-id=\"6f36764\" data-element_type=\"widget\" data-e-type=\"widget\" data-widget_type=\"heading.default\">\n\t\t\t\t\t<h2 class=\"elementor-heading-title elementor-size-default\">Digital designer &amp; web developer<\/h2>\t\t\t\t<\/div>\n\t\t\t\t<div class=\"elementor-element elementor-element-c76baf2 elementor-widget elementor-widget-text-editor\" data-id=\"c76baf2\" data-element_type=\"widget\" data-e-type=\"widget\" data-widget_type=\"text-editor.default\">\n\t\t\t\t\t\t\t\t\t<p>I specialize in visual design, branding, and web development.<\/p><p>I have experience working on projects for agencies and clients, combining aesthetics, structure, and functionality.<\/p>\t\t\t\t\t\t\t\t<\/div>\n\t\t\t\t<div class=\"elementor-element elementor-element-bae1353 elementor-widget__width-auto animated-slow elementor-invisible elementor-widget elementor-widget-button\" data-id=\"bae1353\" data-element_type=\"widget\" data-e-type=\"widget\" data-settings=\"{&quot;_animation&quot;:&quot;slideInUp&quot;}\" data-widget_type=\"button.default\">\n\t\t\t\t\t\t\t\t\t\t<a class=\"elementor-button elementor-button-link elementor-size-sm\" href=\"https:\/\/paulakunning.com\/en\/proyectos\/\">\n\t\t\t\t\t\t<span class=\"elementor-button-content-wrapper\">\n\t\t\t\t\t\t\t\t\t<span class=\"elementor-button-text\">See projects<\/span>\n\t\t\t\t\t<\/span>\n\t\t\t\t\t<\/a>\n\t\t\t\t\t\t\t\t<\/div>\n\t\t\t\t<\/div>\n\t\t<div class=\"elementor-element elementor-element-b643f4f e-con-full e-flex e-con e-child\" data-id=\"b643f4f\" data-element_type=\"container\" data-e-type=\"container\">\n\t\t\t\t<div class=\"elementor-element elementor-element-f02d80f animated-slow elementor-invisible elementor-widget elementor-widget-image\" data-id=\"f02d80f\" data-element_type=\"widget\" data-e-type=\"widget\" data-settings=\"{&quot;_animation&quot;:&quot;fadeIn&quot;}\" data-widget_type=\"image.default\">\n\t\t\t\t\t\t\t\t\t\t\t\t\t\t\t<img fetchpriority=\"high\" decoding=\"async\" width=\"1000\" height=\"1000\" src=\"https:\/\/paulakunning.com\/wp-content\/uploads\/2025\/12\/Diseno-sin-titulo-9.png\" class=\"attachment-full size-full wp-image-235\" alt=\"\" srcset=\"https:\/\/paulakunning.com\/wp-content\/uploads\/2025\/12\/Diseno-sin-titulo-9.png 1000w, https:\/\/paulakunning.com\/wp-content\/uploads\/2025\/12\/Diseno-sin-titulo-9-300x300.png 300w, https:\/\/paulakunning.com\/wp-content\/uploads\/2025\/12\/Diseno-sin-titulo-9-150x150.png 150w, https:\/\/paulakunning.com\/wp-content\/uploads\/2025\/12\/Diseno-sin-titulo-9-768x768.png 768w\" sizes=\"(max-width: 1000px) 100vw, 1000px\" \/>\t\t\t\t\t\t\t\t\t\t\t\t\t\t\t<\/div>\n\t\t\t\t<\/div>\n\t\t\t\t<\/div>\n\t\t<div class=\"elementor-element elementor-element-2ac8aaf e-con-full e-flex e-con e-parent\" data-id=\"2ac8aaf\" data-element_type=\"container\" data-e-type=\"container\" data-settings=\"{&quot;background_background&quot;:&quot;classic&quot;}\">\n\t\t<div class=\"elementor-element elementor-element-b961691 e-con-full e-flex e-con e-child\" data-id=\"b961691\" data-element_type=\"container\" data-e-type=\"container\" data-settings=\"{&quot;background_background&quot;:&quot;classic&quot;}\">\n\t\t\t\t<div class=\"elementor-element elementor-element-707db91 animated-slow elementor-invisible elementor-widget elementor-widget-image\" data-id=\"707db91\" data-element_type=\"widget\" data-e-type=\"widget\" data-settings=\"{&quot;_animation&quot;:&quot;zoomIn&quot;}\" data-widget_type=\"image.default\">\n\t\t\t\t\t\t\t\t\t\t\t\t\t\t\t<img decoding=\"async\" width=\"1937\" height=\"2560\" src=\"https:\/\/paulakunning.com\/wp-content\/uploads\/2025\/12\/20251018_2003471-scaled.jpg\" class=\"attachment-full size-full wp-image-269\" alt=\"\" srcset=\"https:\/\/paulakunning.com\/wp-content\/uploads\/2025\/12\/20251018_2003471-scaled.jpg 1937w, https:\/\/paulakunning.com\/wp-content\/uploads\/2025\/12\/20251018_2003471-227x300.jpg 227w, https:\/\/paulakunning.com\/wp-content\/uploads\/2025\/12\/20251018_2003471-775x1024.jpg 775w, https:\/\/paulakunning.com\/wp-content\/uploads\/2025\/12\/20251018_2003471-768x1015.jpg 768w, https:\/\/paulakunning.com\/wp-content\/uploads\/2025\/12\/20251018_2003471-1162x1536.jpg 1162w, https:\/\/paulakunning.com\/wp-content\/uploads\/2025\/12\/20251018_2003471-1550x2048.jpg 1550w\" sizes=\"(max-width: 1937px) 100vw, 1937px\" \/>\t\t\t\t\t\t\t\t\t\t\t\t\t\t\t<\/div>\n\t\t\t\t<\/div>\n\t\t<div class=\"elementor-element elementor-element-0b7b2f4 e-con-full e-flex e-con e-child\" data-id=\"0b7b2f4\" data-element_type=\"container\" data-e-type=\"container\">\n\t\t\t\t<div class=\"elementor-element elementor-element-2f0bb02 elementor-widget elementor-widget-heading\" data-id=\"2f0bb02\" data-element_type=\"widget\" data-e-type=\"widget\" data-widget_type=\"heading.default\">\n\t\t\t\t\t<h2 class=\"elementor-heading-title elementor-size-default\">How can I help you?<\/h2>\t\t\t\t<\/div>\n\t\t<div class=\"elementor-element elementor-element-ca9c6b1 e-con-full e-flex e-con e-child\" data-id=\"ca9c6b1\" data-element_type=\"container\" data-e-type=\"container\">\n\t\t<div class=\"elementor-element elementor-element-122ef25 e-con-full animated-slow e-flex elementor-invisible e-con e-child\" data-id=\"122ef25\" data-element_type=\"container\" data-e-type=\"container\" data-settings=\"{&quot;animation&quot;:&quot;fadeInUp&quot;}\">\n\t\t\t\t<div class=\"elementor-element elementor-element-cd79be0 elementor-view-default elementor-widget elementor-widget-icon\" data-id=\"cd79be0\" data-element_type=\"widget\" data-e-type=\"widget\" data-widget_type=\"icon.default\">\n\t\t\t\t\t\t\t<div class=\"elementor-icon-wrapper\">\n\t\t\t<div class=\"elementor-icon\">\n\t\t\t<svg aria-hidden=\"true\" class=\"e-font-icon-svg e-fas-long-arrow-alt-right\" viewbox=\"0 0 448 512\" xmlns=\"http:\/\/www.w3.org\/2000\/svg\"><path d=\"M313.941 216H12c-6.627 0-12 5.373-12 12v56c0 6.627 5.373 12 12 12h301.941v46.059c0 21.382 25.851 32.09 40.971 16.971l86.059-86.059c9.373-9.373 9.373-24.569 0-33.941l-86.059-86.059c-15.119-15.119-40.971-4.411-40.971 16.971V216z\"><\/path><\/svg>\t\t\t<\/div>\n\t\t<\/div>\n\t\t\t\t\t\t<\/div>\n\t\t\t\t<div class=\"elementor-element elementor-element-b061e11 elementor-widget elementor-widget-text-editor\" data-id=\"b061e11\" data-element_type=\"widget\" data-e-type=\"widget\" data-widget_type=\"text-editor.default\">\n\t\t\t\t\t\t\t\t\t<p>Branding<\/p>\t\t\t\t\t\t\t\t<\/div>\n\t\t\t\t<\/div>\n\t\t<div class=\"elementor-element elementor-element-c7fc256 e-con-full animated-slow e-flex elementor-invisible e-con e-child\" data-id=\"c7fc256\" data-element_type=\"container\" data-e-type=\"container\" data-settings=\"{&quot;animation&quot;:&quot;fadeInUp&quot;,&quot;animation_delay&quot;:300}\">\n\t\t\t\t<div class=\"elementor-element elementor-element-e774bfb elementor-view-default elementor-widget elementor-widget-icon\" data-id=\"e774bfb\" data-element_type=\"widget\" data-e-type=\"widget\" data-widget_type=\"icon.default\">\n\t\t\t\t\t\t\t<div class=\"elementor-icon-wrapper\">\n\t\t\t<div class=\"elementor-icon\">\n\t\t\t<svg aria-hidden=\"true\" class=\"e-font-icon-svg e-fas-long-arrow-alt-right\" viewbox=\"0 0 448 512\" xmlns=\"http:\/\/www.w3.org\/2000\/svg\"><path d=\"M313.941 216H12c-6.627 0-12 5.373-12 12v56c0 6.627 5.373 12 12 12h301.941v46.059c0 21.382 25.851 32.09 40.971 16.971l86.059-86.059c9.373-9.373 9.373-24.569 0-33.941l-86.059-86.059c-15.119-15.119-40.971-4.411-40.971 16.971V216z\"><\/path><\/svg>\t\t\t<\/div>\n\t\t<\/div>\n\t\t\t\t\t\t<\/div>\n\t\t\t\t<div class=\"elementor-element elementor-element-a26aef0 elementor-widget elementor-widget-text-editor\" data-id=\"a26aef0\" data-element_type=\"widget\" data-e-type=\"widget\" data-widget_type=\"text-editor.default\">\n\t\t\t\t\t\t\t\t\t<p>web design &amp; development<\/p>\t\t\t\t\t\t\t\t<\/div>\n\t\t\t\t<\/div>\n\t\t<div class=\"elementor-element elementor-element-d17ba49 e-con-full animated-slow e-flex elementor-invisible e-con e-child\" data-id=\"d17ba49\" data-element_type=\"container\" data-e-type=\"container\" data-settings=\"{&quot;animation&quot;:&quot;fadeInUp&quot;,&quot;animation_delay&quot;:600}\">\n\t\t\t\t<div class=\"elementor-element elementor-element-574e4e6 elementor-view-default elementor-widget elementor-widget-icon\" data-id=\"574e4e6\" data-element_type=\"widget\" data-e-type=\"widget\" data-widget_type=\"icon.default\">\n\t\t\t\t\t\t\t<div class=\"elementor-icon-wrapper\">\n\t\t\t<div class=\"elementor-icon\">\n\t\t\t<svg aria-hidden=\"true\" class=\"e-font-icon-svg e-fas-long-arrow-alt-right\" viewbox=\"0 0 448 512\" xmlns=\"http:\/\/www.w3.org\/2000\/svg\"><path d=\"M313.941 216H12c-6.627 0-12 5.373-12 12v56c0 6.627 5.373 12 12 12h301.941v46.059c0 21.382 25.851 32.09 40.971 16.971l86.059-86.059c9.373-9.373 9.373-24.569 0-33.941l-86.059-86.059c-15.119-15.119-40.971-4.411-40.971 16.971V216z\"><\/path><\/svg>\t\t\t<\/div>\n\t\t<\/div>\n\t\t\t\t\t\t<\/div>\n\t\t\t\t<div class=\"elementor-element elementor-element-0588dd0 elementor-widget elementor-widget-text-editor\" data-id=\"0588dd0\" data-element_type=\"widget\" data-e-type=\"widget\" data-widget_type=\"text-editor.default\">\n\t\t\t\t\t\t\t\t\t<p>graphic design<\/p>\t\t\t\t\t\t\t\t<\/div>\n\t\t\t\t<\/div>\n\t\t<div class=\"elementor-element elementor-element-925b7ee e-con-full animated-slow e-flex elementor-invisible e-con e-child\" data-id=\"925b7ee\" data-element_type=\"container\" data-e-type=\"container\" data-settings=\"{&quot;animation&quot;:&quot;fadeInUp&quot;,&quot;animation_delay&quot;:900}\">\n\t\t\t\t<div class=\"elementor-element elementor-element-b82a5a1 elementor-view-default elementor-widget elementor-widget-icon\" data-id=\"b82a5a1\" data-element_type=\"widget\" data-e-type=\"widget\" data-widget_type=\"icon.default\">\n\t\t\t\t\t\t\t<div class=\"elementor-icon-wrapper\">\n\t\t\t<div class=\"elementor-icon\">\n\t\t\t<svg aria-hidden=\"true\" class=\"e-font-icon-svg e-fas-long-arrow-alt-right\" viewbox=\"0 0 448 512\" xmlns=\"http:\/\/www.w3.org\/2000\/svg\"><path d=\"M313.941 216H12c-6.627 0-12 5.373-12 12v56c0 6.627 5.373 12 12 12h301.941v46.059c0 21.382 25.851 32.09 40.971 16.971l86.059-86.059c9.373-9.373 9.373-24.569 0-33.941l-86.059-86.059c-15.119-15.119-40.971-4.411-40.971 16.971V216z\"><\/path><\/svg>\t\t\t<\/div>\n\t\t<\/div>\n\t\t\t\t\t\t<\/div>\n\t\t\t\t<div class=\"elementor-element elementor-element-a8cd030 elementor-widget elementor-widget-text-editor\" data-id=\"a8cd030\" data-element_type=\"widget\" data-e-type=\"widget\" data-widget_type=\"text-editor.default\">\n\t\t\t\t\t\t\t\t\t<p>website maintainance<\/p>\t\t\t\t\t\t\t\t<\/div>\n\t\t\t\t<\/div>\n\t\t\t\t<\/div>\n\t\t\t\t<\/div>\n\t\t\t\t<\/div>\n\t\t<div class=\"elementor-element elementor-element-9c7ff99 e-flex e-con-boxed e-con e-parent\" data-id=\"9c7ff99\" data-element_type=\"container\" data-e-type=\"container\" data-settings=\"{&quot;background_background&quot;:&quot;classic&quot;,&quot;animation&quot;:&quot;none&quot;}\">\n\t\t\t\t\t<div class=\"e-con-inner\">\n\t\t\t\t<div class=\"elementor-element elementor-element-daac4ae animated-slow elementor-invisible elementor-widget elementor-widget-heading\" data-id=\"daac4ae\" data-element_type=\"widget\" data-e-type=\"widget\" data-settings=\"{&quot;_animation&quot;:&quot;zoomIn&quot;}\" data-widget_type=\"heading.default\">\n\t\t\t\t\t<h2 class=\"elementor-heading-title elementor-size-default\">Bring your project to life<\/h2>\t\t\t\t<\/div>\n\t\t\t\t<div class=\"elementor-element elementor-element-ef00e54 animated-slow elementor-invisible elementor-widget elementor-widget-button\" data-id=\"ef00e54\" data-element_type=\"widget\" data-e-type=\"widget\" data-settings=\"{&quot;_animation&quot;:&quot;fadeIn&quot;,&quot;_animation_delay&quot;:100}\" data-widget_type=\"button.default\">\n\t\t\t\t\t\t\t\t\t\t<a class=\"elementor-button elementor-button-link elementor-size-sm\" href=\"https:\/\/wa.me\/5493516645868\">\n\t\t\t\t\t\t<span class=\"elementor-button-content-wrapper\">\n\t\t\t\t\t\t\t\t\t<span class=\"elementor-button-text\">Let\u2019s chat<\/span>\n\t\t\t\t\t<\/span>\n\t\t\t\t\t<\/a>\n\t\t\t\t\t\t\t\t<\/div>\n\t\t\t\t\t<\/div>\n\t\t\t\t<\/div>\n\t\t<div class=\"elementor-element elementor-element-d56f511 e-con-full e-flex e-con e-parent\" data-id=\"d56f511\" data-element_type=\"container\" data-e-type=\"container\" data-settings=\"{&quot;background_background&quot;:&quot;classic&quot;}\">\n\t\t<div class=\"elementor-element elementor-element-2ec1ae3 e-con-full e-flex e-con e-child\" data-id=\"2ec1ae3\" data-element_type=\"container\" data-e-type=\"container\">\n\t\t\t\t<div class=\"elementor-element elementor-element-502d87d elementor-widget elementor-widget-heading\" data-id=\"502d87d\" data-element_type=\"widget\" data-e-type=\"widget\" data-widget_type=\"heading.default\">\n\t\t\t\t\t<h2 class=\"elementor-heading-title elementor-size-default\">About me<\/h2>\t\t\t\t<\/div>\n\t\t\t\t<div class=\"elementor-element elementor-element-05fdcb8 elementor-widget elementor-widget-text-editor\" data-id=\"05fdcb8\" data-element_type=\"widget\" data-e-type=\"widget\" data-widget_type=\"text-editor.default\">\n\t\t\t\t\t\t\t\t\t<p>I\u2019m a digital designer and web developer with experience working on branding projects and WordPress websites for different types of businesses.<\/p><p>I specialize in creating clear visual identities and functional websites, with a strong focus on communication and user experience.<\/p><p>I currently develop projects through my studio, Pixerum, and collaborate independently with teams and agencies. <a href=\"https:\/\/pixerum.com\/\">Pixerum<\/a> y colaboro\u00a0<span style=\"font-size: 1rem;\">de forma independiente<\/span><span style=\"font-size: 1rem;\">\u00a0con equipos y agencias.<\/span><\/p>\t\t\t\t\t\t\t\t<\/div>\n\t\t\t\t<\/div>\n\t\t<div class=\"elementor-element elementor-element-62b10fc e-con-full e-flex e-con e-child\" data-id=\"62b10fc\" data-element_type=\"container\" data-e-type=\"container\">\n\t\t\t\t<div class=\"elementor-element elementor-element-bdcf808 animated-slow elementor-invisible elementor-widget elementor-widget-image\" data-id=\"bdcf808\" data-element_type=\"widget\" data-e-type=\"widget\" data-settings=\"{&quot;_animation&quot;:&quot;fadeIn&quot;}\" data-widget_type=\"image.default\">\n\t\t\t\t\t\t\t\t\t\t\t\t\t\t\t<img decoding=\"async\" width=\"1000\" height=\"1000\" src=\"https:\/\/paulakunning.com\/wp-content\/uploads\/2025\/12\/Diseno-sin-titulo-10.png\" class=\"attachment-full size-full wp-image-336\" alt=\"\" srcset=\"https:\/\/paulakunning.com\/wp-content\/uploads\/2025\/12\/Diseno-sin-titulo-10.png 1000w, https:\/\/paulakunning.com\/wp-content\/uploads\/2025\/12\/Diseno-sin-titulo-10-300x300.png 300w, https:\/\/paulakunning.com\/wp-content\/uploads\/2025\/12\/Diseno-sin-titulo-10-150x150.png 150w, https:\/\/paulakunning.com\/wp-content\/uploads\/2025\/12\/Diseno-sin-titulo-10-768x768.png 768w\" sizes=\"(max-width: 1000px) 100vw, 1000px\" \/>\t\t\t\t\t\t\t\t\t\t\t\t\t\t\t<\/div>\n\t\t\t\t<\/div>\n\t\t\t\t<\/div>\n\t\t\t\t<\/div>","protected":false},"excerpt":{"rendered":"<p>Dise\u00f1adora digital &amp; desarrolladora web Me especializo en dise\u00f1o visual, branding y desarrollo web. Tengo experiencia en proyectos para agencias y clientes, combinando est\u00e9tica, orden y funcionalidad. Ver proyectos \u00bfC\u00f3mo puedo ayudarte? Branding dise\u00f1o &amp; desarrollo web dise\u00f1o gr\u00e1fico mantenimiento web Demosle vida a tu proyecto hablemos Sobre m\u00ed Soy dise\u00f1adora digital y desarrolladora web [&hellip;]<\/p>\n","protected":false},"author":1,"featured_media":0,"parent":0,"menu_order":0,"comment_status":"closed","ping_status":"closed","template":"elementor_header_footer","meta":{"footnotes":""},"class_list":["post-9","page","type-page","status-publish","hentry"],"_hostinger_reach_plugin_has_subscription_block":false,"_hostinger_reach_plugin_is_elementor":false,"_links":{"self":[{"href":"https:\/\/paulakunning.com\/en\/wp-json\/wp\/v2\/pages\/9","targetHints":{"allow":["GET"]}}],"collection":[{"href":"https:\/\/paulakunning.com\/en\/wp-json\/wp\/v2\/pages"}],"about":[{"href":"https:\/\/paulakunning.com\/en\/wp-json\/wp\/v2\/types\/page"}],"author":[{"embeddable":true,"href":"https:\/\/paulakunning.com\/en\/wp-json\/wp\/v2\/users\/1"}],"replies":[{"embeddable":true,"href":"https:\/\/paulakunning.com\/en\/wp-json\/wp\/v2\/comments?post=9"}],"version-history":[{"count":316,"href":"https:\/\/paulakunning.com\/en\/wp-json\/wp\/v2\/pages\/9\/revisions"}],"predecessor-version":[{"id":540,"href":"https:\/\/paulakunning.com\/en\/wp-json\/wp\/v2\/pages\/9\/revisions\/540"}],"wp:attachment":[{"href":"https:\/\/paulakunning.com\/en\/wp-json\/wp\/v2\/media?parent=9"}],"curies":[{"name":"wp","href":"https:\/\/api.w.org\/{rel}","templated":true}]}}